{"id":131,"date":"2015-02-08T08:15:14","date_gmt":"2015-02-08T08:15:14","guid":{"rendered":"http:\/\/fredrikbernelf.se\/?page_id=131"},"modified":"2015-05-05T08:51:07","modified_gmt":"2015-05-05T06:51:07","slug":"kontakt","status":"publish","type":"page","link":"http:\/\/fredrikbernelf.se\/?page_id=131","title":{"rendered":"Kontakt"},"content":{"rendered":"<p>Har du fr\u00e5gor om mina b\u00f6cker eller vill du kanske f\u00f6resl\u00e5 ett sp\u00e4nnande samarbete? Tveka inte att kontakta mig!<\/p>\n<p>E-post: fredrik@bernelf.se<\/p>\n<p>Twitter: @fossing_se<\/p>\n<p>Fredrik Bernelf<br \/>\nBuggam\u00e5la g\u00e5rd<br \/>\n370 30 R\u00f6deby<\/p>\n<p>&nbsp;<\/p>\n","protected":false},"excerpt":{"rendered":"<p>Har du fr\u00e5gor om mina b\u00f6cker eller vill du kanske f\u00f6resl\u00e5 ett sp\u00e4nnande samarbete? Tveka inte att kontakta mig! E-post: fredrik@bernelf.se Twitter: @fossing_se Fredrik Bernelf Buggam\u00e5la g\u00e5rd 370 30 R\u00f6deby &nbsp;<\/p>\n","protected":false},"author":1,"featured_media":0,"parent":0,"menu_order":0,"comment_status":"closed","ping_status":"closed","template":"","meta":{"footnotes":""},"class_list":["post-131","page","type-page","status-publish","hentry"],"_links":{"self":[{"href":"http:\/\/fredrikbernelf.se\/index.php?rest_route=\/wp\/v2\/pages\/131","targetHints":{"allow":["GET"]}}],"collection":[{"href":"http:\/\/fredrikbernelf.se\/index.php?rest_route=\/wp\/v2\/pages"}],"about":[{"href":"http:\/\/fredrikbernelf.se\/index.php?rest_route=\/wp\/v2\/types\/page"}],"author":[{"embeddable":true,"href":"http:\/\/fredrikbernelf.se\/index.php?rest_route=\/wp\/v2\/users\/1"}],"replies":[{"embeddable":true,"href":"http:\/\/fredrikbernelf.se\/index.php?rest_route=%2Fwp%2Fv2%2Fcomments&post=131"}],"version-history":[{"count":2,"href":"http:\/\/fredrikbernelf.se\/index.php?rest_route=\/wp\/v2\/pages\/131\/revisions"}],"predecessor-version":[{"id":195,"href":"http:\/\/fredrikbernelf.se\/index.php?rest_route=\/wp\/v2\/pages\/131\/revisions\/195"}],"wp:attachment":[{"href":"http:\/\/fredrikbernelf.se\/index.php?rest_route=%2Fwp%2Fv2%2Fmedia&parent=131"}],"curies":[{"name":"wp","href":"https:\/\/api.w.org\/{rel}","templated":true}]}}